{"id":1970,"date":"2017-10-20T10:50:33","date_gmt":"2017-10-20T08:50:33","guid":{"rendered":"http:\/\/incontrosullatastiera.it\/nuovo\/?page_id=1970"},"modified":"2023-08-28T13:46:20","modified_gmt":"2023-08-28T11:46:20","slug":"lassociazione","status":"publish","type":"page","link":"https:\/\/incontrosullatastiera.it\/nuovo\/chi-siamo-incontro-sulla-tastiera\/lassociazione\/","title":{"rendered":"L&#8217;Associazione"},"content":{"rendered":"<p>[vc_row][vc_column][vc_column_text]<\/p>\n<h3 style=\"text-align: center;\"><em>Incontro sulla Tastiera<\/em> \u00e8 attivo nel campo musicale da oltre 40 anni, frutto di un\u2019ininterrotta, instancabile attivit\u00e0 volta a valorizzare e favorire la conoscenza e l\u2019affermazione di giovani di talento.<br \/>\nIl nostro obiettivo \u00e8 proporre programmi sempre originali e vari nel loro genere, cos\u00ec da promuovere e incrementare nel mondo della musica il coinvolgimento e la partecipazione sia dei cultori che del grande pubblico.<\/h3>\n<p>[\/vc_column_text][\/vc_column][\/vc_row][vc_row][vc_column][vc_images_carousel images=&#8221;2034,2017,2016,2015,2014,2044,2043,2042,2033,2062,2061,2402,2403,2404&#8243; img_size=&#8221;full&#8221; onclick=&#8221;link_no&#8221; speed=&#8221;2000&#8243; slides_per_view=&#8221;3&#8243; autoplay=&#8221;yes&#8221; hide_pagination_control=&#8221;yes&#8221; hide_prev_next_buttons=&#8221;yes&#8221; partial_view=&#8221;yes&#8221; wrap=&#8221;yes&#8221;][\/vc_column][\/vc_row][vc_row css=&#8221;.vc_custom_1508442630200{background-color: #ffffff !important;}&#8221;][vc_column]\r\n\t<div class=\"musicbeat-simple-facny-title musicbeat-in-light\"><h2><\/h2><\/div>\r\n\t<div class=\"musicbeat-tabs\">\r\n\t  <ul role=\"tablist\" class=\"musicbeat-tabs-wrap\">\r\n\t\t\r\n\t<li class=\"active\" role=\"presentation\"><a data-toggle=\"tab\" role=\"tab\" href=\"#tab-1\" aria-expanded=\"true\"> Nascita<\/a><\/li>\r\n\t<li role=\"presentation\"><a data-toggle=\"tab\" role=\"tab\" href=\"#tab-2\" aria-expanded=\"false\"> Ieri<\/a><\/li>\r\n\t<li role=\"presentation\"><a data-toggle=\"tab\" role=\"tab\" href=\"#tab-3\" aria-expanded=\"false\"> Oggi<\/a><\/li>\r\n\t  <\/ul>\r\n\t  <div class=\"tab-content\">\r\n\t\t\r\n\t<div role=\"tabpanel\" class=\"tab-pane active\" id=\"tab-1\">\r\n\t  <div class=\"musicbeat-description-section\">\r\n\t  <\/p>\n<p style=\"color: #000000;\">Incontro sulla Tastiera \u00e8 attivo nel campo musicale da oltre 40 anni, frutto di un\u2019interrotta, instancabile attivit\u00e0 volta a valorizzare e favorire la conoscenza e l\u2019affermazione di giovani di talento, e altres\u00ec a proporre programmi sempre originali e vari nel loro genere, cos\u00ec da promuovere e incrementare nel mondo della musica il coinvolgimento e la partecipazione del grande pubblico e dei cultori.<br \/>\nIncontro sulla Tastiera nasce a Vicenza nel lontano 1976, nell\u2019ideazione e nell\u2019attuazione pratica di <strong><a href=\"https:\/\/incontrosullatastiera.it\/nuovo\/chi-siamo\/il-direttore-artistico\/\"> Mariantonietta Righetto Sgueglia<\/a><\/strong> e punta da subito ad aprirsi oltre i limiti della citt\u00e0 e della provincia, a una realt\u00e0 il pi\u00f9 possibile vasta, al cui centro fossero l\u2019interesse per la musica e l\u2019avvicinamento dei musicisti. Dapprima \u00e8 il pianoforte grande protagonista: da qui, infatti, la definizione di \u201cIncontro sulla Tastiera\u201d. Poi attorno ad esso si realizza a mano a mano un felice connubio di pi\u00f9 strumenti e di pi\u00f9 forme d\u2019arte, e alla musica si uniscono, con crescente successo, la danza, il canto, la recitazione e l\u2019opera.<br \/>\nMomento cruciale nel procedere dell\u2019Incontro \u00e8 quello in cui al Gruppo di Promozione Musicale si affianca con particolare calore il <strong> <a href=\"http:\/\/www.spirali.it\/autore\/24277\/fausto-tapergi\/\"> commendator Fausto Tapergi<\/a><\/strong>, personaggio di vasta e originale cultura, che ben a ragione viene chiamato gi\u00e0 negli anni \u201990 alla presidenza del Sodalizio, del quale accompagner\u00e0 il cammino e la crescita fin o al 2010, lasciando definitivamente Incontro e amici qualche mese dopo (il Comm. Tapergi \u00e8 mancato infatti all\u2019inizio del 2011).<br \/>\nUn riconoscimento particolare per la qualit\u00e0 delle offerte artistico-musicali dell\u2019Incontro verr\u00e0 dal grande Direttore d\u2019Orchestra <strong><a href=\"https:\/\/it.wikipedia.org\/wiki\/Carlo_Maria_Giulini\"> Carlo Maria Giulini<\/a><\/strong>, quale per l\u2019Incontro giunge per la prima volta nella sua impareggiabile carriera al Teatro Olimpico, e si rende significativamente Padrino del concerto conclusivo della Stagione 1997-1998 in cui brilla il talento pianistico di Alexander Romanovsky, un artista, allora appena quattordicenne, forgiato dall\u2019Accademia Internazionale di Imola, sotto la direzione del noto Maestro Franco Scala e oggi stella del pianismo mondiale.<\/p>\n<p>\r\n\t  <\/div>\r\n\t<\/div>\r\n\t<div role=\"tabpanel\" class=\"tab-pane\" id=\"tab-2\">\r\n\t  \r\n\t  <\/p>\n<p style=\"color: #000000;\">Sar\u00e0, anzi, proprio con la prestigiosa <strong><a href=\"https:\/\/incontrosullatastiera.it\/nuovo\/chi-siamo\/collaborazioni\/\">Accademia di perfezionamento pianistico \u201cIncontri col Maestro\u201d<\/a><\/strong> da cui escono ogni anno talenti di fama internazionale, vincitori dei principali Concorsi pianistici nel mondo \u2013 che l\u2019Incontro sulla Tastiera dar\u00e0 vita a una importante collaborazione, tanto che numerosi giovani frequentanti l\u2019Accademia saranno scelti e designati a esibirsi a Vicenza nelle stagioni dell\u2019Incontro. E\u2019 cos\u00ec che per la Stagione del Sodalizio vicentino passano da Igor Roma ad Enrico Pace, da Alexander Romanovsky, a Yoko Kikuchi; e ancora Giuseppe Albanese, Anna Kravchenko, Mariangela Vacatello, Alberto Nos\u00e9, per continuare con Chiara Opalio, Maria Semeraro, Andrea Bacchetti e Andr\u00e9 Gallo.<br \/>\nE la risonanza del Sodalizio trova grande riscontro anche all\u2019estero: da qui l\u2019intesa collaborativa con la <strong><a href=\"https:\/\/incontrosullatastiera.it\/nuovo\/chi-siamo\/collaborazioni\/\">Keyboard Trust di Londra<\/a><\/strong>, diretta da Noretta Conci &#8211; gi\u00e0 allieva di Artuto Benedetti Michelangelo -, prestigiosa Fondazione di livello internazionale, impegnata a sua volta promuovere e sostenere la carriera di giovani pianisti di promettente talento, e poi con <strong>l\u2019<a href=\"https:\/\/incontrosullatastiera.it\/nuovo\/chi-siamo\/collaborazioni\">Istituto musicale \u201cIl Magnificat\u201d di Gerusalemme<\/a><\/strong>, diretto da Padre Armando Pierucci, nel quadro dell\u2019importante Concorso Internazionale \u201cTavasani\u201d, che vede la co-partecipazione anche del Conservatorio di musica di Vicenza \u201cArrigo Pedrollo.<br \/>\nSi annovera, infine, la pi\u00f9 recente partnership, iniziata con la Stagione 2017-2018, con <strong>l\u2019<a href=\"https:\/\/incontrosullatastiera.it\/nuovo\/chi-siamo\/collaborazioni\/\">Associazione Flautisti Italiani<\/a><\/strong> che ha deciso di far esibire ogni anno a Vicenza il vincitore del prestigioso Concorso flautistico internazionale \u201cSeverino Gazzelloni\u201d, proprio tramite Incontro sulla Tastiera.<br \/>\nE tra i tanti momenti importanti che hanno intessuto il cammino dell\u2019Incontro, anche gli eventi musicali organizzati con il concorso fattivo delle Ambasciate o dei Consolati esteri in Italia, sensibili all\u2019attivit\u00e0 artistico-musicale di Incontro sulla Tastiera, e grazie ai quali sono giunti a Vicenza, negli anni, giovani artisti provenienti da Francia, Russia, Armenia, Austria, Ungheria, Giappone, Georgia, Portogallo, Svizzera, Irlanda Germania, Malesia, Spagna, Grecia, Ucraina. Giovani artisti designati dai propri Paesi in virt\u00f9 di qualit\u00e0 particolari e con i quali Incontro sulla Tastiera ha potuto costruire serate di grande musica ma soprattutto importanti scambi culturali con altri artisti del territorio. Tra loro spiccano la austriaca Astrid Froelich, il russo Michail Smirnov, l&#8217;armeno Ruben Zatikyan e il francese <strong> <a href=\"http:\/\/www.jeromepernoo.com\/\">Jerome Pernoo. <\/a> <\/strong><\/p>\n<p>\r\n\t  \r\n\t<\/div>\r\n\t<div role=\"tabpanel\" class=\"tab-pane\" id=\"tab-3\">\r\n\t  \r\n\t  <\/p>\n<p style=\"color: #000000;\">Oggi <em>Incontro sulla Tastiera<\/em> ha un nuovo presidente, nella figura di <strong><a href=\"https:\/\/incontrosullatastiera.it\/nuovo\/artist\/enrico-hu%CC%88llweck\/\">Enrico H\u00fcllweck<\/a><\/strong>, medico pediatra e gi\u00e0 Sindaco di Vicenza. H\u00fcllweck \u00e8 succeduto al dottor <strong>Ernesto Gallo<\/strong> &#8211; ex Presidente della Croce Rossa di Vicenza, e gi\u00e0 Assessore del Comune di Vicenza \u2013 cui il testimone era stato passato da <strong>Zeffirino FiIlippi<\/strong>, a sua volta succeduto a <strong>Paolo Marinovich<\/strong>, che aveva preso il timone dopo la scomparsa del mecenate e uomo di grande cultura <strong>Fausto Tapergi<\/strong>,.<\/p>\n<p style=\"color: #000000;\">L\u2019Associazione, con una propria Stagione fissa, appuntamento atteso a Vicenza, con numerosi iscritti e abbonati storici, si \u00e8 conquistata cos\u00ec uno spazio importante nell\u2019attivit\u00e0 culturale offerta dal territorio vicentino e l\u2019impegno e l\u2019idea che ancora la sostengono e la muovono sono quelli di portare avanti ancora per molto tempo lo stesso progetto, con l\u2019amore e la passione di sempre, perch\u00e9, nonostante gli alti e bassi dell\u2019economia mondiale e nazionale, la cultura va sorretta e promossa, se non altro in nome del valore aggiunto che essa pu\u00f2 dare alla societ\u00e0, utile punto di partenza per una futura \u201crisalita\u201d.<\/p>\n<p>\r\n\t  \r\n\t<\/div>\r\n\t  <\/div>\r\n\t<\/div>[\/vc_column][\/vc_row][vc_row musicbeat_container=&#8221;wide&#8221; musicbeat_overlay=&#8221;yes&#8221; musicbeat_overlay_color=&#8221;rgba(193,52,59,0.83)&#8221; css=&#8221;.vc_custom_1508248183808{padding-top: 30px !important;padding-bottom: 30px !important;padding-left: 30px !important;background-image: url(https:\/\/incontrosullatastiera.it\/nuovo\/wp-content\/uploads\/2017\/09\/sfondo-counter.png?id=40) !important;}&#8221;][vc_column]<div class=\"musicbeat-contactus-listing\"><ul class=\"row\">\r\n\t<li class=\"col-md-3\">\r\n\t\t<a><i class=\"flaticon-music-1\"><\/i><\/a>\r\n\t\t<span class=\"word-count\">48<\/span>\r\n\t\t<p>Stagioni<\/p>\r\n\t<\/li>\r\n\t<li class=\"col-md-3\">\r\n\t\t<a><i class=\"flaticon-silhouette\"><\/i><\/a>\r\n\t\t<span class=\"word-count\">3<\/span>\r\n\t\t<p>Premi internazionali<\/p>\r\n\t<\/li>\r\n\t<li class=\"col-md-3\">\r\n\t\t<a><i class=\"flaticon-time\"><\/i><\/a>\r\n\t\t<span class=\"word-count\">+500<\/span>\r\n\t\t<p>Eventi<\/p>\r\n\t<\/li>\r\n\t<li class=\"col-md-3\">\r\n\t\t<a><i class=\"flaticon-social-5\"><\/i><\/a>\r\n\t\t<span class=\"word-count\">5<\/span>\r\n\t\t<p>Collaborazioni<\/p>\r\n\t<\/li><\/ul><\/div>[\/vc_column][\/vc_row][vc_row][vc_column][vc_empty_space height=&#8221;82px&#8221;][\/vc_column][\/vc_row]<\/p>\n","protected":false},"excerpt":{"rendered":"<p>[vc_row][vc_column][vc_column_text] Incontro sulla Tastiera \u00e8 attivo nel campo musicale da oltre 40 anni, frutto di un\u2019ininterrotta, instancabile attivit\u00e0 volta a valorizzare e favorire la conoscenza e l\u2019affermazione di giovani di talento. Il nostro obiettivo \u00e8 proporre programmi sempre originali e vari nel loro genere, cos\u00ec da promuovere e incrementare nel mondo della musica il coinvolgimento<a class=\"musicbeat-readmore-btn musicbeat-color\" href=\"https:\/\/incontrosullatastiera.it\/nuovo\/chi-siamo-incontro-sulla-tastiera\/lassociazione\/\">Read More <i class=\"fa fa-angle-right\"><\/i><\/a><\/p>\n","protected":false},"author":1,"featured_media":0,"parent":23,"menu_order":0,"comment_status":"closed","ping_status":"closed","template":"","meta":[],"_links":{"self":[{"href":"https:\/\/incontrosullatastiera.it\/nuovo\/wp-json\/wp\/v2\/pages\/1970"}],"collection":[{"href":"https:\/\/incontrosullatastiera.it\/nuovo\/wp-json\/wp\/v2\/pages"}],"about":[{"href":"https:\/\/incontrosullatastiera.it\/nuovo\/wp-json\/wp\/v2\/types\/page"}],"author":[{"embeddable":true,"href":"https:\/\/incontrosullatastiera.it\/nuovo\/wp-json\/wp\/v2\/users\/1"}],"replies":[{"embeddable":true,"href":"https:\/\/incontrosullatastiera.it\/nuovo\/wp-json\/wp\/v2\/comments?post=1970"}],"version-history":[{"count":27,"href":"https:\/\/incontrosullatastiera.it\/nuovo\/wp-json\/wp\/v2\/pages\/1970\/revisions"}],"predecessor-version":[{"id":3592,"href":"https:\/\/incontrosullatastiera.it\/nuovo\/wp-json\/wp\/v2\/pages\/1970\/revisions\/3592"}],"up":[{"embeddable":true,"href":"https:\/\/incontrosullatastiera.it\/nuovo\/wp-json\/wp\/v2\/pages\/23"}],"wp:attachment":[{"href":"https:\/\/incontrosullatastiera.it\/nuovo\/wp-json\/wp\/v2\/media?parent=1970"}],"curies":[{"name":"wp","href":"https:\/\/api.w.org\/{rel}","templated":true}]}}